{"id":711,"date":"2025-12-15T11:14:53","date_gmt":"2025-12-15T12:14:53","guid":{"rendered":"https:\/\/greenvacations.pt\/home\/"},"modified":"2026-02-20T12:11:28","modified_gmt":"2026-02-20T13:11:28","slug":"home","status":"publish","type":"page","link":"https:\/\/greenvacations.pt\/es\/","title":{"rendered":"Home"},"content":{"rendered":"","protected":false},"excerpt":{"rendered":"","protected":false},"author":1,"featured_media":0,"parent":0,"menu_order":0,"comment_status":"closed","ping_status":"closed","template":"","meta":{"_acf_changed":false,"footnotes":""},"class_list":["post-711","page","type-page","status-publish","hentry"],"acf":[],"yoast_head":"<!-- This site is optimized with the Yoast SEO plugin v26.9 - https:\/\/yoast.com\/product\/yoast-seo-wordpress\/ -->\n<title>Green Vacations Lda - Gestion de alojamientos, actividades<\/title>\n<meta name=\"description\" content=\"Green Vacations Lda : gesti\u00f3n de alojamientos, actividades, alquiler de coches y lo necesario para que sus vacaciones sean inolvidables. \u00a1\" \/>\n<meta name=\"robots\" content=\"index, follow, max-snippet:-1, max-image-preview:large, max-video-preview:-1\" \/>\n<link rel=\"canonical\" href=\"https:\/\/greenvacations.pt\/es\/\" \/>\n<meta property=\"og:locale\" content=\"es_ES\" \/>\n<meta property=\"og:type\" content=\"article\" \/>\n<meta property=\"og:title\" content=\"Green Vacations Lda - Gestion de alojamientos, actividades\" \/>\n<meta property=\"og:description\" content=\"Green Vacations Lda : gesti\u00f3n de alojamientos, actividades, alquiler de coches y lo necesario para que sus vacaciones sean inolvidables. \u00a1\" \/>\n<meta property=\"og:url\" content=\"https:\/\/greenvacations.pt\/es\/\" \/>\n<meta property=\"og:site_name\" content=\"Green Vacations\" \/>\n<meta property=\"article:publisher\" content=\"https:\/\/www.facebook.com\/greenvacations.pt\/\" \/>\n<meta property=\"article:modified_time\" content=\"2026-02-20T13:11:28+00:00\" \/>\n<meta name=\"twitter:card\" content=\"summary_large_image\" \/>\n<script type=\"application\/ld+json\" class=\"yoast-schema-graph\">{\"@context\":\"https:\/\/schema.org\",\"@graph\":[{\"@type\":\"WebPage\",\"@id\":\"https:\/\/greenvacations.pt\/es\/\",\"url\":\"https:\/\/greenvacations.pt\/es\/\",\"name\":\"Green Vacations Lda - Gestion de alojamientos, actividades\",\"isPartOf\":{\"@id\":\"https:\/\/greenvacations.pt\/es\/#website\"},\"datePublished\":\"2025-12-15T12:14:53+00:00\",\"dateModified\":\"2026-02-20T13:11:28+00:00\",\"description\":\"Green Vacations Lda : gesti\u00f3n de alojamientos, actividades, alquiler de coches y lo necesario para que sus vacaciones sean inolvidables. \u00a1\",\"breadcrumb\":{\"@id\":\"https:\/\/greenvacations.pt\/es\/#breadcrumb\"},\"inLanguage\":\"es\",\"potentialAction\":[{\"@type\":\"ReadAction\",\"target\":[\"https:\/\/greenvacations.pt\/es\/\"]}]},{\"@type\":\"BreadcrumbList\",\"@id\":\"https:\/\/greenvacations.pt\/es\/#breadcrumb\",\"itemListElement\":[{\"@type\":\"ListItem\",\"position\":1,\"name\":\"In\u00edcio\",\"item\":\"https:\/\/greenvacations.pt\/es\/\"},{\"@type\":\"ListItem\",\"position\":2,\"name\":\"Home\"}]},{\"@type\":\"WebSite\",\"@id\":\"https:\/\/greenvacations.pt\/es\/#website\",\"url\":\"https:\/\/greenvacations.pt\/es\/\",\"name\":\"Green Vacations\",\"description\":\"Gest\u00e3o de im\u00f3veis destinados para alojamento local, experi\u00eancias de anima\u00e7\u00e3o tur\u00edstica, Ponta Delgada - S\u00e3o Miguel - A\u00e7ores\",\"publisher\":{\"@id\":\"https:\/\/greenvacations.pt\/es\/#organization\"},\"potentialAction\":[{\"@type\":\"SearchAction\",\"target\":{\"@type\":\"EntryPoint\",\"urlTemplate\":\"https:\/\/greenvacations.pt\/es\/?s={search_term_string}\"},\"query-input\":{\"@type\":\"PropertyValueSpecification\",\"valueRequired\":true,\"valueName\":\"search_term_string\"}}],\"inLanguage\":\"es\"},{\"@type\":\"Organization\",\"@id\":\"https:\/\/greenvacations.pt\/es\/#organization\",\"name\":\"Green Vacations\",\"url\":\"https:\/\/greenvacations.pt\/es\/\",\"logo\":{\"@type\":\"ImageObject\",\"inLanguage\":\"es\",\"@id\":\"https:\/\/greenvacations.pt\/es\/#\/schema\/logo\/image\/\",\"url\":\"https:\/\/greenvacations.pt\/wp-content\/uploads\/2025\/12\/favicon.png\",\"contentUrl\":\"https:\/\/greenvacations.pt\/wp-content\/uploads\/2025\/12\/favicon.png\",\"width\":233,\"height\":233,\"caption\":\"Green Vacations\"},\"image\":{\"@id\":\"https:\/\/greenvacations.pt\/es\/#\/schema\/logo\/image\/\"},\"sameAs\":[\"https:\/\/www.facebook.com\/greenvacations.pt\/\",\"https:\/\/www.instagram.com\/greenvacations.pt\/\"]}]}<\/script>\n<!-- \/ Yoast SEO plugin. -->","yoast_head_json":{"title":"Green Vacations Lda - Gestion de alojamientos, actividades","description":"Green Vacations Lda : gesti\u00f3n de alojamientos, actividades, alquiler de coches y lo necesario para que sus vacaciones sean inolvidables. \u00a1","robots":{"index":"index","follow":"follow","max-snippet":"max-snippet:-1","max-image-preview":"max-image-preview:large","max-video-preview":"max-video-preview:-1"},"canonical":"https:\/\/greenvacations.pt\/es\/","og_locale":"es_ES","og_type":"article","og_title":"Green Vacations Lda - Gestion de alojamientos, actividades","og_description":"Green Vacations Lda : gesti\u00f3n de alojamientos, actividades, alquiler de coches y lo necesario para que sus vacaciones sean inolvidables. \u00a1","og_url":"https:\/\/greenvacations.pt\/es\/","og_site_name":"Green Vacations","article_publisher":"https:\/\/www.facebook.com\/greenvacations.pt\/","article_modified_time":"2026-02-20T13:11:28+00:00","twitter_card":"summary_large_image","schema":{"@context":"https:\/\/schema.org","@graph":[{"@type":"WebPage","@id":"https:\/\/greenvacations.pt\/es\/","url":"https:\/\/greenvacations.pt\/es\/","name":"Green Vacations Lda - Gestion de alojamientos, actividades","isPartOf":{"@id":"https:\/\/greenvacations.pt\/es\/#website"},"datePublished":"2025-12-15T12:14:53+00:00","dateModified":"2026-02-20T13:11:28+00:00","description":"Green Vacations Lda : gesti\u00f3n de alojamientos, actividades, alquiler de coches y lo necesario para que sus vacaciones sean inolvidables. \u00a1","breadcrumb":{"@id":"https:\/\/greenvacations.pt\/es\/#breadcrumb"},"inLanguage":"es","potentialAction":[{"@type":"ReadAction","target":["https:\/\/greenvacations.pt\/es\/"]}]},{"@type":"BreadcrumbList","@id":"https:\/\/greenvacations.pt\/es\/#breadcrumb","itemListElement":[{"@type":"ListItem","position":1,"name":"In\u00edcio","item":"https:\/\/greenvacations.pt\/es\/"},{"@type":"ListItem","position":2,"name":"Home"}]},{"@type":"WebSite","@id":"https:\/\/greenvacations.pt\/es\/#website","url":"https:\/\/greenvacations.pt\/es\/","name":"Green Vacations","description":"Gest\u00e3o de im\u00f3veis destinados para alojamento local, experi\u00eancias de anima\u00e7\u00e3o tur\u00edstica, Ponta Delgada - S\u00e3o Miguel - A\u00e7ores","publisher":{"@id":"https:\/\/greenvacations.pt\/es\/#organization"},"potentialAction":[{"@type":"SearchAction","target":{"@type":"EntryPoint","urlTemplate":"https:\/\/greenvacations.pt\/es\/?s={search_term_string}"},"query-input":{"@type":"PropertyValueSpecification","valueRequired":true,"valueName":"search_term_string"}}],"inLanguage":"es"},{"@type":"Organization","@id":"https:\/\/greenvacations.pt\/es\/#organization","name":"Green Vacations","url":"https:\/\/greenvacations.pt\/es\/","logo":{"@type":"ImageObject","inLanguage":"es","@id":"https:\/\/greenvacations.pt\/es\/#\/schema\/logo\/image\/","url":"https:\/\/greenvacations.pt\/wp-content\/uploads\/2025\/12\/favicon.png","contentUrl":"https:\/\/greenvacations.pt\/wp-content\/uploads\/2025\/12\/favicon.png","width":233,"height":233,"caption":"Green Vacations"},"image":{"@id":"https:\/\/greenvacations.pt\/es\/#\/schema\/logo\/image\/"},"sameAs":["https:\/\/www.facebook.com\/greenvacations.pt\/","https:\/\/www.instagram.com\/greenvacations.pt\/"]}]}},"_links":{"self":[{"href":"https:\/\/greenvacations.pt\/es\/wp-json\/wp\/v2\/pages\/711","targetHints":{"allow":["GET"]}}],"collection":[{"href":"https:\/\/greenvacations.pt\/es\/wp-json\/wp\/v2\/pages"}],"about":[{"href":"https:\/\/greenvacations.pt\/es\/wp-json\/wp\/v2\/types\/page"}],"author":[{"embeddable":true,"href":"https:\/\/greenvacations.pt\/es\/wp-json\/wp\/v2\/users\/1"}],"replies":[{"embeddable":true,"href":"https:\/\/greenvacations.pt\/es\/wp-json\/wp\/v2\/comments?post=711"}],"version-history":[{"count":0,"href":"https:\/\/greenvacations.pt\/es\/wp-json\/wp\/v2\/pages\/711\/revisions"}],"wp:attachment":[{"href":"https:\/\/greenvacations.pt\/es\/wp-json\/wp\/v2\/media?parent=711"}],"curies":[{"name":"wp","href":"https:\/\/api.w.org\/{rel}","templated":true}]}}