{"id":1094,"date":"2025-12-09T15:25:02","date_gmt":"2025-12-09T16:25:02","guid":{"rendered":"https:\/\/greenvacations.pt\/alojamentos\/"},"modified":"2026-02-25T12:41:34","modified_gmt":"2026-02-25T13:41:34","slug":"alojamentos","status":"publish","type":"page","link":"https:\/\/greenvacations.pt\/es\/alojamentos\/","title":{"rendered":"Alojamiento"},"content":{"rendered":"","protected":false},"excerpt":{"rendered":"","protected":false},"author":1,"featured_media":1016,"parent":0,"menu_order":0,"comment_status":"closed","ping_status":"closed","template":"page-models\/alojamentos.php","meta":{"_acf_changed":false,"footnotes":""},"class_list":["post-1094","page","type-page","status-publish","has-post-thumbnail","hentry"],"acf":[],"yoast_head":"<!-- This site is optimized with the Yoast SEO plugin v26.9 - https:\/\/yoast.com\/product\/yoast-seo-wordpress\/ -->\n<title>Alojamiento - Green Vacations<\/title>\n<meta name=\"description\" content=\"Alojamiento: tenemos una gran variedad de alojamientos a su disposici\u00f3n, reserve sus vacaciones con nosotros y adem\u00e1s le ofrecemos actividades y alquiler de coches.\" \/>\n<meta name=\"robots\" content=\"index, follow, max-snippet:-1, max-image-preview:large, max-video-preview:-1\" \/>\n<link rel=\"canonical\" href=\"https:\/\/greenvacations.pt\/es\/alojamentos\/\" \/>\n<meta property=\"og:locale\" content=\"es_ES\" \/>\n<meta property=\"og:type\" content=\"article\" \/>\n<meta property=\"og:title\" content=\"Alojamiento - Green Vacations\" \/>\n<meta property=\"og:description\" content=\"Alojamiento: tenemos una gran variedad de alojamientos a su disposici\u00f3n, reserve sus vacaciones con nosotros y adem\u00e1s le ofrecemos actividades y alquiler de coches.\" \/>\n<meta property=\"og:url\" content=\"https:\/\/greenvacations.pt\/es\/alojamentos\/\" \/>\n<meta property=\"og:site_name\" content=\"Green Vacations\" \/>\n<meta property=\"article:publisher\" content=\"https:\/\/www.facebook.com\/greenvacations.pt\/\" \/>\n<meta property=\"article:modified_time\" content=\"2026-02-25T13:41:34+00:00\" \/>\n<meta property=\"og:image\" content=\"https:\/\/greenvacations.pt\/wp-content\/uploads\/2026\/02\/db8e8b8e54d953de9424e892e580d453baeb672d-scaled.jpg\" \/>\n\t<meta property=\"og:image:width\" content=\"2458\" \/>\n\t<meta property=\"og:image:height\" content=\"2560\" \/>\n\t<meta property=\"og:image:type\" content=\"image\/jpeg\" \/>\n<meta name=\"twitter:card\" content=\"summary_large_image\" \/>\n<meta name=\"twitter:label1\" content=\"Tiempo de lectura\" \/>\n\t<meta name=\"twitter:data1\" content=\"1 minuto\" \/>\n<script type=\"application\/ld+json\" class=\"yoast-schema-graph\">{\"@context\":\"https:\/\/schema.org\",\"@graph\":[{\"@type\":\"WebPage\",\"@id\":\"https:\/\/greenvacations.pt\/es\/alojamentos\/\",\"url\":\"https:\/\/greenvacations.pt\/es\/alojamentos\/\",\"name\":\"Alojamiento - Green Vacations\",\"isPartOf\":{\"@id\":\"https:\/\/greenvacations.pt\/es\/#website\"},\"primaryImageOfPage\":{\"@id\":\"https:\/\/greenvacations.pt\/es\/alojamentos\/#primaryimage\"},\"image\":{\"@id\":\"https:\/\/greenvacations.pt\/es\/alojamentos\/#primaryimage\"},\"thumbnailUrl\":\"https:\/\/greenvacations.pt\/wp-content\/uploads\/2026\/02\/db8e8b8e54d953de9424e892e580d453baeb672d-scaled.jpg\",\"datePublished\":\"2025-12-09T16:25:02+00:00\",\"dateModified\":\"2026-02-25T13:41:34+00:00\",\"description\":\"Alojamiento: tenemos una gran variedad de alojamientos a su disposici\u00f3n, reserve sus vacaciones con nosotros y adem\u00e1s le ofrecemos actividades y alquiler de coches.\",\"breadcrumb\":{\"@id\":\"https:\/\/greenvacations.pt\/es\/alojamentos\/#breadcrumb\"},\"inLanguage\":\"es\",\"potentialAction\":[{\"@type\":\"ReadAction\",\"target\":[\"https:\/\/greenvacations.pt\/es\/alojamentos\/\"]}]},{\"@type\":\"ImageObject\",\"inLanguage\":\"es\",\"@id\":\"https:\/\/greenvacations.pt\/es\/alojamentos\/#primaryimage\",\"url\":\"https:\/\/greenvacations.pt\/wp-content\/uploads\/2026\/02\/db8e8b8e54d953de9424e892e580d453baeb672d-scaled.jpg\",\"contentUrl\":\"https:\/\/greenvacations.pt\/wp-content\/uploads\/2026\/02\/db8e8b8e54d953de9424e892e580d453baeb672d-scaled.jpg\",\"width\":2458,\"height\":2560,\"caption\":\"alojamentos\"},{\"@type\":\"BreadcrumbList\",\"@id\":\"https:\/\/greenvacations.pt\/es\/alojamentos\/#breadcrumb\",\"itemListElement\":[{\"@type\":\"ListItem\",\"position\":1,\"name\":\"In\u00edcio\",\"item\":\"https:\/\/greenvacations.pt\/es\/\"},{\"@type\":\"ListItem\",\"position\":2,\"name\":\"Alojamiento\"}]},{\"@type\":\"WebSite\",\"@id\":\"https:\/\/greenvacations.pt\/es\/#website\",\"url\":\"https:\/\/greenvacations.pt\/es\/\",\"name\":\"Green Vacations\",\"description\":\"Gest\u00e3o de im\u00f3veis destinados para alojamento local, experi\u00eancias de anima\u00e7\u00e3o tur\u00edstica, Ponta Delgada - S\u00e3o Miguel - A\u00e7ores\",\"publisher\":{\"@id\":\"https:\/\/greenvacations.pt\/es\/#organization\"},\"potentialAction\":[{\"@type\":\"SearchAction\",\"target\":{\"@type\":\"EntryPoint\",\"urlTemplate\":\"https:\/\/greenvacations.pt\/es\/?s={search_term_string}\"},\"query-input\":{\"@type\":\"PropertyValueSpecification\",\"valueRequired\":true,\"valueName\":\"search_term_string\"}}],\"inLanguage\":\"es\"},{\"@type\":\"Organization\",\"@id\":\"https:\/\/greenvacations.pt\/es\/#organization\",\"name\":\"Green Vacations\",\"url\":\"https:\/\/greenvacations.pt\/es\/\",\"logo\":{\"@type\":\"ImageObject\",\"inLanguage\":\"es\",\"@id\":\"https:\/\/greenvacations.pt\/es\/#\/schema\/logo\/image\/\",\"url\":\"https:\/\/greenvacations.pt\/wp-content\/uploads\/2025\/12\/favicon.png\",\"contentUrl\":\"https:\/\/greenvacations.pt\/wp-content\/uploads\/2025\/12\/favicon.png\",\"width\":233,\"height\":233,\"caption\":\"Green Vacations\"},\"image\":{\"@id\":\"https:\/\/greenvacations.pt\/es\/#\/schema\/logo\/image\/\"},\"sameAs\":[\"https:\/\/www.facebook.com\/greenvacations.pt\/\",\"https:\/\/www.instagram.com\/greenvacations.pt\/\"]}]}<\/script>\n<!-- \/ Yoast SEO plugin. -->","yoast_head_json":{"title":"Alojamiento - Green Vacations","description":"Alojamiento: tenemos una gran variedad de alojamientos a su disposici\u00f3n, reserve sus vacaciones con nosotros y adem\u00e1s le ofrecemos actividades y alquiler de coches.","robots":{"index":"index","follow":"follow","max-snippet":"max-snippet:-1","max-image-preview":"max-image-preview:large","max-video-preview":"max-video-preview:-1"},"canonical":"https:\/\/greenvacations.pt\/es\/alojamentos\/","og_locale":"es_ES","og_type":"article","og_title":"Alojamiento - Green Vacations","og_description":"Alojamiento: tenemos una gran variedad de alojamientos a su disposici\u00f3n, reserve sus vacaciones con nosotros y adem\u00e1s le ofrecemos actividades y alquiler de coches.","og_url":"https:\/\/greenvacations.pt\/es\/alojamentos\/","og_site_name":"Green Vacations","article_publisher":"https:\/\/www.facebook.com\/greenvacations.pt\/","article_modified_time":"2026-02-25T13:41:34+00:00","og_image":[{"width":2458,"height":2560,"url":"https:\/\/greenvacations.pt\/wp-content\/uploads\/2026\/02\/db8e8b8e54d953de9424e892e580d453baeb672d-scaled.jpg","type":"image\/jpeg"}],"twitter_card":"summary_large_image","twitter_misc":{"Tiempo de lectura":"1 minuto"},"schema":{"@context":"https:\/\/schema.org","@graph":[{"@type":"WebPage","@id":"https:\/\/greenvacations.pt\/es\/alojamentos\/","url":"https:\/\/greenvacations.pt\/es\/alojamentos\/","name":"Alojamiento - Green Vacations","isPartOf":{"@id":"https:\/\/greenvacations.pt\/es\/#website"},"primaryImageOfPage":{"@id":"https:\/\/greenvacations.pt\/es\/alojamentos\/#primaryimage"},"image":{"@id":"https:\/\/greenvacations.pt\/es\/alojamentos\/#primaryimage"},"thumbnailUrl":"https:\/\/greenvacations.pt\/wp-content\/uploads\/2026\/02\/db8e8b8e54d953de9424e892e580d453baeb672d-scaled.jpg","datePublished":"2025-12-09T16:25:02+00:00","dateModified":"2026-02-25T13:41:34+00:00","description":"Alojamiento: tenemos una gran variedad de alojamientos a su disposici\u00f3n, reserve sus vacaciones con nosotros y adem\u00e1s le ofrecemos actividades y alquiler de coches.","breadcrumb":{"@id":"https:\/\/greenvacations.pt\/es\/alojamentos\/#breadcrumb"},"inLanguage":"es","potentialAction":[{"@type":"ReadAction","target":["https:\/\/greenvacations.pt\/es\/alojamentos\/"]}]},{"@type":"ImageObject","inLanguage":"es","@id":"https:\/\/greenvacations.pt\/es\/alojamentos\/#primaryimage","url":"https:\/\/greenvacations.pt\/wp-content\/uploads\/2026\/02\/db8e8b8e54d953de9424e892e580d453baeb672d-scaled.jpg","contentUrl":"https:\/\/greenvacations.pt\/wp-content\/uploads\/2026\/02\/db8e8b8e54d953de9424e892e580d453baeb672d-scaled.jpg","width":2458,"height":2560,"caption":"alojamentos"},{"@type":"BreadcrumbList","@id":"https:\/\/greenvacations.pt\/es\/alojamentos\/#breadcrumb","itemListElement":[{"@type":"ListItem","position":1,"name":"In\u00edcio","item":"https:\/\/greenvacations.pt\/es\/"},{"@type":"ListItem","position":2,"name":"Alojamiento"}]},{"@type":"WebSite","@id":"https:\/\/greenvacations.pt\/es\/#website","url":"https:\/\/greenvacations.pt\/es\/","name":"Green Vacations","description":"Gest\u00e3o de im\u00f3veis destinados para alojamento local, experi\u00eancias de anima\u00e7\u00e3o tur\u00edstica, Ponta Delgada - S\u00e3o Miguel - A\u00e7ores","publisher":{"@id":"https:\/\/greenvacations.pt\/es\/#organization"},"potentialAction":[{"@type":"SearchAction","target":{"@type":"EntryPoint","urlTemplate":"https:\/\/greenvacations.pt\/es\/?s={search_term_string}"},"query-input":{"@type":"PropertyValueSpecification","valueRequired":true,"valueName":"search_term_string"}}],"inLanguage":"es"},{"@type":"Organization","@id":"https:\/\/greenvacations.pt\/es\/#organization","name":"Green Vacations","url":"https:\/\/greenvacations.pt\/es\/","logo":{"@type":"ImageObject","inLanguage":"es","@id":"https:\/\/greenvacations.pt\/es\/#\/schema\/logo\/image\/","url":"https:\/\/greenvacations.pt\/wp-content\/uploads\/2025\/12\/favicon.png","contentUrl":"https:\/\/greenvacations.pt\/wp-content\/uploads\/2025\/12\/favicon.png","width":233,"height":233,"caption":"Green Vacations"},"image":{"@id":"https:\/\/greenvacations.pt\/es\/#\/schema\/logo\/image\/"},"sameAs":["https:\/\/www.facebook.com\/greenvacations.pt\/","https:\/\/www.instagram.com\/greenvacations.pt\/"]}]}},"_links":{"self":[{"href":"https:\/\/greenvacations.pt\/es\/wp-json\/wp\/v2\/pages\/1094","targetHints":{"allow":["GET"]}}],"collection":[{"href":"https:\/\/greenvacations.pt\/es\/wp-json\/wp\/v2\/pages"}],"about":[{"href":"https:\/\/greenvacations.pt\/es\/wp-json\/wp\/v2\/types\/page"}],"author":[{"embeddable":true,"href":"https:\/\/greenvacations.pt\/es\/wp-json\/wp\/v2\/users\/1"}],"replies":[{"embeddable":true,"href":"https:\/\/greenvacations.pt\/es\/wp-json\/wp\/v2\/comments?post=1094"}],"version-history":[{"count":0,"href":"https:\/\/greenvacations.pt\/es\/wp-json\/wp\/v2\/pages\/1094\/revisions"}],"wp:featuredmedia":[{"embeddable":true,"href":"https:\/\/greenvacations.pt\/es\/wp-json\/wp\/v2\/media\/1016"}],"wp:attachment":[{"href":"https:\/\/greenvacations.pt\/es\/wp-json\/wp\/v2\/media?parent=1094"}],"curies":[{"name":"wp","href":"https:\/\/api.w.org\/{rel}","templated":true}]}}