{"id":1071,"date":"2025-12-15T14:53:31","date_gmt":"2025-12-15T15:53:31","guid":{"rendered":"https:\/\/greenvacations.pt\/termos-condicoes\/"},"modified":"2026-02-20T12:15:16","modified_gmt":"2026-02-20T13:15:16","slug":"terminos-y-condiciones-de-uso","status":"publish","type":"page","link":"https:\/\/greenvacations.pt\/es\/terminos-y-condiciones-de-uso\/","title":{"rendered":"T\u00e9rminos y condiciones de uso"},"content":{"rendered":"\r\n<h2 class=\"wp-block-heading has-text-align-center\">RGPD \u2013 Reglamento General de Protecci\u00f3n de Datos (Reglamento General de Protecci\u00f3n de Datos)<br \/>Pol\u00edtica de privacidad | T\u00e9rminos y condiciones de uso<\/h2>\r\n\r\n\r\n\r\n<div class=\"wp-block-spacer\" style=\"height: 50px;\" aria-hidden=\"true\">\u00a0<\/div>\r\n\r\n\r\n\r\n<p><strong>1. Condiciones generales<\/strong><\/p>\r\n<p><strong>1.1.)<\/strong> La empresa Green Vacations \u2013 Gest\u00e3o de Alojamento Local e Atividades Tur\u00edsticas Unipessoal LDA, con sede en Rua da Arquinha n\u00ba1 \u2013 9500-028 Ponta Delgada, persona jur\u00eddica n.\u00ba 514500328 , que es tambi\u00e9n su n\u00famero de registro en la Oficina del Registro Mercantil de Ponta Delgada, con un capital social de 50 000,00 \u20ac, es responsable del sitio web https:\/\/greenvacations.pt\/ (en adelante, \u00absitio web\u00bb).<\/p>\r\n<p><strong>1.2.)<\/strong> El usuario manifiesta aceptar y actuar de conformidad con los T\u00e9rminos y Condiciones de uso aqu\u00ed descritos, as\u00ed como con todas sus futuras modificaciones, por el hecho de utilizar el servicio prestado por Green Vacations \u2013 Gest\u00e3o de Alojamento Local e Atividades Tur\u00edsticas Unipessoal LDA en este sitio web.<\/p>\r\n\r\n\r\n\r\n<p><strong>1.3.)<\/strong> En los t\u00e9rminos y condiciones aqu\u00ed mencionados, siempre que se utilicen los t\u00e9rminos \u00abnosotros\u00bb<br \/>o \u00abnuestro\u00bb, nos referimos a Green Vacations \u2013 Gest\u00e3o de Alojamento Local e Atividades Tur\u00edsticas Unipessoal LDA. o https:\/\/greenvacations.pt\/. Cuando utilizamos \u00abusted\u00bb<br \/>o \u00absu\u00bb, nos referimos a cualquier persona que utilice https:\/\/greenvacations.pt\/<\/p>\r\n<p><strong>1.4.)<\/strong> Al acceder y utilizar este sitio web, usted est\u00e1 sujeto a los siguientes T\u00e9rminos y Condiciones, as\u00ed como a nuestra Pol\u00edtica de Privacidad. Al navegar por el sitio web, el usuario acepta actuar de conformidad con estos T\u00e9rminos y Condiciones y la Pol\u00edtica de Privacidad. Si no est\u00e1 de acuerdo con su contenido, el usuario no est\u00e1 autorizado a acceder y utilizar el sitio web, y debe terminar el acceso y\/o uso inmediatamente.<\/p>\r\n<p><strong>1.5.)<\/strong> El cliente debe leer atentamente los T\u00e9rminos y Condiciones cada vez que acceda al sitio.<\/p>\r\n\r\n\r\n\r\n<p><strong>1.6.)<\/strong> Si incumple cualquiera de los t\u00e9rminos aqu\u00ed incluidos, su derecho a acceder y utilizar este sitio web quedar\u00e1 inmediatamente rescindido.<\/p>\r\n<p><strong>1.7.)<\/strong> El contenido de este sitio web est\u00e1 protegido por derechos de autor y es propiedad de Green Vacations \u2013 Gest\u00e3o de Alojamento Local e Atividades Tur\u00edsticas Unipessoal LDA.<br \/>No est\u00e1 permitido utilizarlo de ninguna forma sin nuestro consentimiento.<\/p>\r\n\r\n\r\n\r\n<div class=\"wp-block-spacer\" style=\"height: 50px;\" aria-hidden=\"true\">\u00a0<\/div>\r\n\r\n\r\n\r\n<p><strong>2. Presupuesto<\/strong><\/p>\r\n<p>2.1.) Cualquier presupuesto enviado tiene una validez de 30 d\u00edas a partir de la fecha de env\u00edo, pudiendo estar sujeto a revisi\u00f3n tras dicho plazo.<\/p>\r\n<p>2.2.) En caso de que se detecte alg\u00fan error en el presupuesto enviado, Green Vacations \u2013 Gest\u00e3o de Alojamento Local e Atividades Tur\u00edsticas Unipessoal LDA se reserva el derecho, durante su validez (30 d\u00edas), de rectificarlo.<\/p>\r\n<p>2.3.) Cualquier cambio solicitado por el cliente, servicio o gasto que no estuviera expresado en el presupuesto inicial, tendr\u00e1 un coste adicional.<\/p>\r\n\r\n\r\n\r\n<div class=\"wp-block-spacer\" style=\"height: 50px;\" aria-hidden=\"true\">\u00a0<\/div>\r\n\r\n\r\n\r\n<p><strong>3. Derechos de autor, propiedad y copyright<\/strong><\/p>\r\n<p><strong>3.1.)<\/strong> Todos los contenidos de este sitio web, incluyendo textos, dise\u00f1o, ilustraciones, logotipos, v\u00eddeo, audio, fotograf\u00edas y otros elementos, est\u00e1n protegidos por la ley, en virtud del C\u00f3digo de Derechos de Autor y Derechos Conexos. No est\u00e1 permitido mostrar, reproducir, distribuir, modificar, transmitir o utilizar los contenidos de ninguna manera, para ning\u00fan fin p\u00fablico o comercial, sin nuestro consentimiento previo y expreso por escrito.<\/p>\r\n<p><strong>3.2.)<\/strong> Los contenidos de este sitio web est\u00e1n protegidos por los derechos de autor y derechos afines, los derechos de propiedad industrial y la Ley de Delitos Inform\u00e1ticos, y son propiedad de Green Vacations \u2013 Gest\u00e3o de Alojamento Local e Atividades Tur\u00edsticas Unipessoal LDA.<\/p>\r\n\r\n\r\n\r\n<p><strong>3.3.)<\/strong> Los derechos de autor sobre el trabajo solo ser\u00e1n propiedad del cliente cuando est\u00e9n finalizados, aprobados y pagados en su totalidad.<\/p>\r\n<p><strong>3.4.)<\/strong> Nos reservamos el derecho de no proporcionar al cliente los archivos editables, tipos de letra u otras herramientas y software necesarios para la producci\u00f3n de los trabajos.<\/p>\r\n<p><strong>3.5.)<\/strong> Green Vacations \u2013 Gest\u00e3o de Alojamento Local e Atividades Tur\u00edsticas Unipessoal LDA se reserva el derecho de emprender acciones legales contra los autores de cualquier copia, reproducci\u00f3n, difusi\u00f3n o explotaci\u00f3n comercial no autorizada de textos, dise\u00f1os, ilustraciones, logotipos, v\u00eddeos, audios, fotograf\u00edas y otros elementos que no hayan sido objeto de transmisi\u00f3n de propiedad al cliente.<\/p>\r\n\r\n\r\n\r\n<p><strong>3.6.)<\/strong> El cliente es responsable de garantizar que los materiales que proporcione para la realizaci\u00f3n de los trabajos no infrinjan ning\u00fan derecho de autor o de propiedad industrial de terceros y de cualquier da\u00f1o causado a Green Vacations \u2013 Gest\u00e3o de Alojamento Local e Atividades Tur\u00edsticas Unipessoal LDA por el uso indebido de los mismos.<\/p>\r\n\r\n\r\n\r\n<div class=\"wp-block-spacer\" style=\"height: 50px;\" aria-hidden=\"true\">\u00a0<\/div>\r\n\r\n\r\n\r\n<h2 class=\"wp-block-heading\">Resoluci\u00f3n de litigios en l\u00ednea<\/h2>\r\n<p>La Uni\u00f3n Europea ha creado un sitio web para ayudar a los consumidores a presentar sus reclamaciones sobre cualquier litigio en el que est\u00e9n involucrados. En este contexto, Green Vacations \u2013 Gest\u00e3o de Alojamento Local e Atividades Tur\u00edsticas Unipessoal LDA pone a su disposici\u00f3n toda la informaci\u00f3n necesaria para que pueda ejercer su derecho de reclamaci\u00f3n ante una entidad oficial, tercera e imparcial en el proceso (\u00abentidad de resoluci\u00f3n de litigios\u00bb) que le ayudar\u00e1 a resolver el litigio en cuesti\u00f3n.<\/p>\r\n<p>Por lo tanto, si no est\u00e1 satisfecho con la adquisici\u00f3n de un bien o servicio en nuestro sitio web, o con la soluci\u00f3n que le hemos presentado para resolver la situaci\u00f3n, puede acceder a este sitio web oficial https:\/\/ec.europa.eu\/consumers\/odr\/main\/index.cfm?event=main.home2.show&amp;lng=PT y exponer su reclamaci\u00f3n.<\/p>\r\n\r\n\r\n\r\n<div class=\"wp-block-spacer\" style=\"height: 25px;\" aria-hidden=\"true\">\u00a0<\/div>\r\n\r\n\r\n\r\n<p><strong>4.1. \u00bfQu\u00e9 es la resoluci\u00f3n alternativa de litigios?<\/strong><\/p>\r\n<p>La resoluci\u00f3n alternativa de litigios es la posibilidad que tienen todos los consumidores de recurrir a entidades oficiales que les ayuden a resolver u orientar alg\u00fan conflicto, antes de iniciar procedimientos judiciales ante los tribunales.<\/p>\r\n<p>Por regla general, el procedimiento es el siguiente: el cliente solicita a un tercero imparcial que intervenga como mediador entre \u00e9l y el comerciante objeto de su reclamaci\u00f3n. El mediador puede sugerir una soluci\u00f3n a su reclamaci\u00f3n, imponer una soluci\u00f3n a ambas partes o reunir a las partes para encontrar una soluci\u00f3n.<\/p>\r\n<p>Quiz\u00e1s conozca el concepto de resoluci\u00f3n alternativa de litigios por otro nombre: \u00abmediaci\u00f3n\u00bb, \u00abconciliaci\u00f3n\u00bb, \u00abarbitraje\u00bb o \u00abcomisi\u00f3n competente en materia de litigios de consumo\u00bb.<\/p>\r\n<p>La resoluci\u00f3n alternativa de litigios suele ser menos costosa, menos formal y m\u00e1s r\u00e1pida que la v\u00eda judicial.<\/p>\r\n\r\n\r\n\r\n<div class=\"wp-block-spacer\" style=\"height: 25px;\" aria-hidden=\"true\">\u00a0<\/div>\r\n\r\n\r\n\r\n<p><strong>Sugerencias de entidades de resoluci\u00f3n alternativa de litigios:<\/strong><\/p>\r\n\r\n\r\n\r\n<p>CNIACC \u2013 Centro Nacional de Informa\u00e7\u00e3o e Arbitragem de Conflitos de Consumo<br \/><a href=\"http:\/\/www.arbitragemdeconsumo.org\/\" target=\"_blank\" rel=\"noopener\">http:\/\/www.arbitragemdeconsumo.org\/<\/a><\/p>\r\n\r\n\r\n\r\n<p>Centro de Arbitragem de Conflitos de Consumo de Lisboa<br \/><a href=\"http:\/\/www.centroarbitragemlisboa.pt\/\" target=\"_blank\" rel=\"noopener\">http:\/\/www.centroarbitragemlisboa.pt\/<\/a><\/p>\r\n\r\n\r\n\r\n<p>Centro de Arbitragem de Conflitos de Consumo do Vale do Ave\/Tribunal Arbitral<br \/><a href=\"http:\/\/www.triave.pt\/\" target=\"_blank\" rel=\"noopener\">http:\/\/www.triave.pt\/<\/a><\/p>\r\n\r\n\r\n\r\n<p>CIAB \u2013 Centro de Informa\u00e7\u00e3o, Media\u00e7\u00e3o e Arbitragem de Consumo (Tribunal Arbitral de Consumo)<br \/><a href=\"http:\/\/www.ciab.pt\/pt\/\" target=\"_blank\" rel=\"noopener\">http:\/\/www.ciab.pt\/pt\/<\/a><\/p>\r\n\r\n\r\n\r\n<p>CIMPAS \u2013 Centro de Informa\u00e7\u00e3o, Media\u00e7\u00e3o e Provedoria de Seguros<br \/><a href=\"https:\/\/www.cimpas.pt\/\" target=\"_blank\" rel=\"noopener\">https:\/\/www.cimpas.pt\/<\/a><\/p>\r\n\r\n\r\n\r\n<div class=\"wp-block-spacer\" style=\"height: 50px;\" aria-hidden=\"true\">\u00a0<\/div>\r\n\r\n\r\n\r\n<h2 class=\"wp-block-heading\">5. Uso permitido\/Actividades prohibidas<\/h2>\r\n<p>Solo se permite el acceso y uso de este sitio web para fines personales y no comerciales, es decir, el sitio solo debe ser accedido y utilizado por particulares o por una empresa que desee adquirir nuestros servicios\/productos o por una empresa que los represente.<\/p>\r\n<p>Quedan prohibidas todas aquellas actividades que consideremos inapropiadas y\/o que puedan ser ilegales de acuerdo con la legislaci\u00f3n aplicable a este sitio web, incluyendo, entre otras:<\/p>\r\n<p><strong>5.1.)<\/strong> Da\u00f1ar, abusar, difamar, amenazar o acosar a otra persona o empresa, o de forma que invada la privacidad de otros, o que sea obscena, ofensiva, odiosa, indecente, inapropiada, censurable, inaceptable, discriminatoria o perjudicial.<\/p>\r\n\r\n\r\n\r\n<p><strong>5.2.)<\/strong> Acciones que puedan constituir una violaci\u00f3n de la privacidad, como el env\u00edo a este sitio web de informaci\u00f3n privada sin el consentimiento de la persona afectada o de cualquier otro derecho legal de las personas f\u00edsicas.<\/p>\r\n<p><strong>5.3.)<\/strong> Enviar a este sitio web archivos que contengan virus que puedan causar da\u00f1os a la propiedad de Green Vacations \u2013 Gest\u00e3o de Alojamento Local e Atividades Tur\u00edsticas Unipessoal LDA o a la propiedad de personas f\u00edsicas, o modificar o revertir la ingenier\u00eda de cualquier parte del sitio web.<\/p>\r\n<p><strong>5.4.)<\/strong> Utilizar cualquier tipo de c\u00f3digo autom\u00e1tico computarizado, proceso, programa, robot, rastreador de Internet, ara\u00f1a, procesador de datos, arrastre o alternativas de screen scraping a c\u00f3digos inform\u00e1ticos, procesos, programas o sistemas.<\/p>\r\n\r\n\r\n\r\n<p><strong>5.5.)<\/strong> Queda expresamente prohibido el uso del sitio web con fines ilegales o cualquier otro fin que pueda considerarse indigno de nuestra imagen. La usurpaci\u00f3n, la falsificaci\u00f3n, el aprovechamiento del contenido usurpado o falsificado, la identificaci\u00f3n ileg\u00edtima y la competencia desleal son punibles penalmente.<\/p>\r\n\r\n\r\n\r\n<div class=\"wp-block-spacer\" style=\"height: 50px;\" aria-hidden=\"true\">\u00a0<\/div>\r\n\r\n\r\n\r\n<h2 class=\"wp-block-heading\"><strong>6. Contenidos y garant\u00edas<\/strong><\/h2>\r\n<p><strong>6.1.)<\/strong> La informaci\u00f3n presente en este sitio web se ha incluido de buena fe y sirve exclusivamente para fines informativos generales, siendo su uso bajo la exclusiva responsabilidad del usuario.<\/p>\r\n<p><strong>6.2.)<\/strong> Este sitio web y sus contenidos se proporcionan sin garant\u00edas de ning\u00fan tipo, es decir, no se garantiza que el acceso a este sitio web sea ininterrumpido o est\u00e9 libre de errores, virus u otro material perjudicial, ni que la informaci\u00f3n contenida en este sitio web sea completa, precisa u oportuna.<\/p>\r\n<p><strong>6.3.)<\/strong> Green Vacations \u2013 Gest\u00e3o de Alojamento Local e Atividades Tur\u00edsticas Unipessoal LDA se reserva el derecho de realizar cambios y correcciones, suspender o cerrar el sitio web cuando lo considere oportuno y sin necesidad de previo aviso.<\/p>\r\n<p><strong>6.4.)<\/strong> Green Vacations \u2013 Gest\u00e3o de Alojamento Local e Atividades Tur\u00edsticas Unipessoal LDA no filtra ni supervisa previamente el contenido transmitido a este sitio web por terceros y no se hace responsable de filtrar o supervisar ning\u00fan contenido de este tipo.<\/p>\r\n\r\n\r\n\r\n<p><strong>6.5.)<\/strong> En caso de notificaci\u00f3n, Green Vacations \u2013 Gest\u00e3o de Alojamento Local e Atividades Tur\u00edsticas Unipessoal LDA podr\u00e1 investigar cualquier denuncia de que el contenido transmitido a este sitio web infringe los T\u00e9rminos y condiciones y podr\u00e1 determinar si procede eliminar dicha informaci\u00f3n del sitio web.<\/p>\r\n<p><strong>6.6.)<\/strong> Green Vacations \u2013 Gest\u00e3o de Alojamento Local e Atividades Tur\u00edsticas Unipessoal LDA no asume ninguna responsabilidad u obligaci\u00f3n por cualquier acci\u00f3n o contenido<br \/>transmitido por o entre el usuario o cualquier tercero dentro o fuera de este sitio web.<\/p>\r\n\r\n\r\n\r\n<div class=\"wp-block-spacer\" style=\"height: 50px;\" aria-hidden=\"true\">\u00a0<\/div>\r\n\r\n\r\n\r\n<h2 class=\"wp-block-heading\">7. Responsabilidad, uso y riesgo<\/h2>\r\n<p><strong>7.1.)<\/strong> El uso que haga de este sitio web y de los contenidos que en \u00e9l se incluyen es bajo su exclusiva responsabilidad y riesgo.<\/p>\r\n<p><strong>7.2.)<\/strong> Green Vacations \u2013 Gest\u00e3o de Alojamento Local e Atividades Tur\u00edsticas Unipessoal LDA y todos sus responsables legales, directores, empleados y agentes, as\u00ed como cualquier otra parte involucrada en la creaci\u00f3n, producci\u00f3n, mantenimiento o implementaci\u00f3n de este sitio web, no ser\u00e1n responsables ante ning\u00fan usuario del sitio web por cualquier posible da\u00f1o, perjuicio o lesi\u00f3n (incluida cualquier p\u00e9rdida de beneficios y da\u00f1os morales, indirectos, accidentales o consecuentes) que se deriven del uso correcto o incorrecto de este sitio web y su contenido, del acceso al ordenador o al sistema inform\u00e1tico del usuario por parte de terceros, virus, etc.<\/p>\r\n<p>&nbsp;<\/p>\r\n<p>Este sitio web contiene enlaces a sitios web de terceros. Estos enlaces se proporcionan \u00fanicamente para la comodidad y accesibilidad del usuario. No respaldamos el contenido de ninguno de estos sitios web de terceros y no somos responsables del contenido de ninguno de ellos. El acceso y la visita a cualquiera de estos sitios web de terceros es por cuenta y riesgo del usuario.<\/p>\r\n<p>&nbsp;<\/p>\r\n<h2>8. Jurisdicci\u00f3n y legislaci\u00f3n aplicable<\/h2>\r\n<p>Green Vacations \u2013 Gest\u00e3o de Alojamento Local e Atividades Tur\u00edsticas Unipessoal LDA y el usuario de este sitio web aceptan sin reservas que cualquier controversia o litigio que surja del uso de este sitio web se regir\u00e1 por la legislaci\u00f3n portuguesa.<\/p>\r\n<p>\u00daltima actualizaci\u00f3n: 29\/01\/2026<\/p>\r\n","protected":false},"excerpt":{"rendered":"<p>RGPD \u2013 Reglamento General de Protecci\u00f3n de Datos (Reglamento General de Protecci\u00f3n de Datos)Pol\u00edtica de privacidad | T\u00e9rminos y condiciones de uso 1. Condiciones generales 1.1.) La empresa Green Vacations \u2013 Gest\u00e3o de Alojamento Local e Atividades Tur\u00edsticas Unipessoal LDA, con sede en Rua da Arquinha n\u00ba1 \u2013 9500-028 Ponta Delgada, persona jur\u00eddica n.\u00ba 514500328 [&hellip;]<\/p>\n","protected":false},"author":1,"featured_media":0,"parent":0,"menu_order":0,"comment_status":"closed","ping_status":"closed","template":"","meta":{"_acf_changed":false,"footnotes":""},"class_list":["post-1071","page","type-page","status-publish","hentry"],"acf":[],"yoast_head":"<!-- This site is optimized with the Yoast SEO plugin v26.9 - https:\/\/yoast.com\/product\/yoast-seo-wordpress\/ -->\n<title>T\u00e9rminos y condiciones de uso - Green Vacations<\/title>\n<meta name=\"description\" content=\"T\u00e9rminos y condiciones de uso: Green Vacations Gest\u00e3o de Alojamento Local LDA es responsable del sitio web https:\/\/greenvacations.pt\/\" \/>\n<meta name=\"robots\" content=\"index, follow, max-snippet:-1, max-image-preview:large, max-video-preview:-1\" \/>\n<link rel=\"canonical\" href=\"https:\/\/greenvacations.pt\/es\/terminos-y-condiciones-de-uso\/\" \/>\n<meta property=\"og:locale\" content=\"es_ES\" \/>\n<meta property=\"og:type\" content=\"article\" \/>\n<meta property=\"og:title\" content=\"T\u00e9rminos y condiciones de uso - Green Vacations\" \/>\n<meta property=\"og:description\" content=\"T\u00e9rminos y condiciones de uso: Green Vacations Gest\u00e3o de Alojamento Local LDA es responsable del sitio web https:\/\/greenvacations.pt\/\" \/>\n<meta property=\"og:url\" content=\"https:\/\/greenvacations.pt\/es\/terminos-y-condiciones-de-uso\/\" \/>\n<meta property=\"og:site_name\" content=\"Green Vacations\" \/>\n<meta property=\"article:publisher\" content=\"https:\/\/www.facebook.com\/greenvacations.pt\/\" \/>\n<meta property=\"article:modified_time\" content=\"2026-02-20T13:15:16+00:00\" \/>\n<meta name=\"twitter:card\" content=\"summary_large_image\" \/>\n<meta name=\"twitter:label1\" content=\"Tiempo de lectura\" \/>\n\t<meta name=\"twitter:data1\" content=\"10 minutos\" \/>\n<script type=\"application\/ld+json\" class=\"yoast-schema-graph\">{\"@context\":\"https:\/\/schema.org\",\"@graph\":[{\"@type\":\"WebPage\",\"@id\":\"https:\/\/greenvacations.pt\/es\/terminos-y-condiciones-de-uso\/\",\"url\":\"https:\/\/greenvacations.pt\/es\/terminos-y-condiciones-de-uso\/\",\"name\":\"T\u00e9rminos y condiciones de uso - Green Vacations\",\"isPartOf\":{\"@id\":\"https:\/\/greenvacations.pt\/es\/#website\"},\"datePublished\":\"2025-12-15T15:53:31+00:00\",\"dateModified\":\"2026-02-20T13:15:16+00:00\",\"description\":\"T\u00e9rminos y condiciones de uso: Green Vacations Gest\u00e3o de Alojamento Local LDA es responsable del sitio web https:\/\/greenvacations.pt\/\",\"breadcrumb\":{\"@id\":\"https:\/\/greenvacations.pt\/es\/terminos-y-condiciones-de-uso\/#breadcrumb\"},\"inLanguage\":\"es\",\"potentialAction\":[{\"@type\":\"ReadAction\",\"target\":[\"https:\/\/greenvacations.pt\/es\/terminos-y-condiciones-de-uso\/\"]}]},{\"@type\":\"BreadcrumbList\",\"@id\":\"https:\/\/greenvacations.pt\/es\/terminos-y-condiciones-de-uso\/#breadcrumb\",\"itemListElement\":[{\"@type\":\"ListItem\",\"position\":1,\"name\":\"In\u00edcio\",\"item\":\"https:\/\/greenvacations.pt\/es\/\"},{\"@type\":\"ListItem\",\"position\":2,\"name\":\"T\u00e9rminos y condiciones de uso\"}]},{\"@type\":\"WebSite\",\"@id\":\"https:\/\/greenvacations.pt\/es\/#website\",\"url\":\"https:\/\/greenvacations.pt\/es\/\",\"name\":\"Green Vacations\",\"description\":\"Gest\u00e3o de im\u00f3veis destinados para alojamento local, experi\u00eancias de anima\u00e7\u00e3o tur\u00edstica, Ponta Delgada - S\u00e3o Miguel - A\u00e7ores\",\"publisher\":{\"@id\":\"https:\/\/greenvacations.pt\/es\/#organization\"},\"potentialAction\":[{\"@type\":\"SearchAction\",\"target\":{\"@type\":\"EntryPoint\",\"urlTemplate\":\"https:\/\/greenvacations.pt\/es\/?s={search_term_string}\"},\"query-input\":{\"@type\":\"PropertyValueSpecification\",\"valueRequired\":true,\"valueName\":\"search_term_string\"}}],\"inLanguage\":\"es\"},{\"@type\":\"Organization\",\"@id\":\"https:\/\/greenvacations.pt\/es\/#organization\",\"name\":\"Green Vacations\",\"url\":\"https:\/\/greenvacations.pt\/es\/\",\"logo\":{\"@type\":\"ImageObject\",\"inLanguage\":\"es\",\"@id\":\"https:\/\/greenvacations.pt\/es\/#\/schema\/logo\/image\/\",\"url\":\"https:\/\/greenvacations.pt\/wp-content\/uploads\/2025\/12\/favicon.png\",\"contentUrl\":\"https:\/\/greenvacations.pt\/wp-content\/uploads\/2025\/12\/favicon.png\",\"width\":233,\"height\":233,\"caption\":\"Green Vacations\"},\"image\":{\"@id\":\"https:\/\/greenvacations.pt\/es\/#\/schema\/logo\/image\/\"},\"sameAs\":[\"https:\/\/www.facebook.com\/greenvacations.pt\/\",\"https:\/\/www.instagram.com\/greenvacations.pt\/\"]}]}<\/script>\n<!-- \/ Yoast SEO plugin. -->","yoast_head_json":{"title":"T\u00e9rminos y condiciones de uso - Green Vacations","description":"T\u00e9rminos y condiciones de uso: Green Vacations Gest\u00e3o de Alojamento Local LDA es responsable del sitio web https:\/\/greenvacations.pt\/","robots":{"index":"index","follow":"follow","max-snippet":"max-snippet:-1","max-image-preview":"max-image-preview:large","max-video-preview":"max-video-preview:-1"},"canonical":"https:\/\/greenvacations.pt\/es\/terminos-y-condiciones-de-uso\/","og_locale":"es_ES","og_type":"article","og_title":"T\u00e9rminos y condiciones de uso - Green Vacations","og_description":"T\u00e9rminos y condiciones de uso: Green Vacations Gest\u00e3o de Alojamento Local LDA es responsable del sitio web https:\/\/greenvacations.pt\/","og_url":"https:\/\/greenvacations.pt\/es\/terminos-y-condiciones-de-uso\/","og_site_name":"Green Vacations","article_publisher":"https:\/\/www.facebook.com\/greenvacations.pt\/","article_modified_time":"2026-02-20T13:15:16+00:00","twitter_card":"summary_large_image","twitter_misc":{"Tiempo de lectura":"10 minutos"},"schema":{"@context":"https:\/\/schema.org","@graph":[{"@type":"WebPage","@id":"https:\/\/greenvacations.pt\/es\/terminos-y-condiciones-de-uso\/","url":"https:\/\/greenvacations.pt\/es\/terminos-y-condiciones-de-uso\/","name":"T\u00e9rminos y condiciones de uso - Green Vacations","isPartOf":{"@id":"https:\/\/greenvacations.pt\/es\/#website"},"datePublished":"2025-12-15T15:53:31+00:00","dateModified":"2026-02-20T13:15:16+00:00","description":"T\u00e9rminos y condiciones de uso: Green Vacations Gest\u00e3o de Alojamento Local LDA es responsable del sitio web https:\/\/greenvacations.pt\/","breadcrumb":{"@id":"https:\/\/greenvacations.pt\/es\/terminos-y-condiciones-de-uso\/#breadcrumb"},"inLanguage":"es","potentialAction":[{"@type":"ReadAction","target":["https:\/\/greenvacations.pt\/es\/terminos-y-condiciones-de-uso\/"]}]},{"@type":"BreadcrumbList","@id":"https:\/\/greenvacations.pt\/es\/terminos-y-condiciones-de-uso\/#breadcrumb","itemListElement":[{"@type":"ListItem","position":1,"name":"In\u00edcio","item":"https:\/\/greenvacations.pt\/es\/"},{"@type":"ListItem","position":2,"name":"T\u00e9rminos y condiciones de uso"}]},{"@type":"WebSite","@id":"https:\/\/greenvacations.pt\/es\/#website","url":"https:\/\/greenvacations.pt\/es\/","name":"Green Vacations","description":"Gest\u00e3o de im\u00f3veis destinados para alojamento local, experi\u00eancias de anima\u00e7\u00e3o tur\u00edstica, Ponta Delgada - S\u00e3o Miguel - A\u00e7ores","publisher":{"@id":"https:\/\/greenvacations.pt\/es\/#organization"},"potentialAction":[{"@type":"SearchAction","target":{"@type":"EntryPoint","urlTemplate":"https:\/\/greenvacations.pt\/es\/?s={search_term_string}"},"query-input":{"@type":"PropertyValueSpecification","valueRequired":true,"valueName":"search_term_string"}}],"inLanguage":"es"},{"@type":"Organization","@id":"https:\/\/greenvacations.pt\/es\/#organization","name":"Green Vacations","url":"https:\/\/greenvacations.pt\/es\/","logo":{"@type":"ImageObject","inLanguage":"es","@id":"https:\/\/greenvacations.pt\/es\/#\/schema\/logo\/image\/","url":"https:\/\/greenvacations.pt\/wp-content\/uploads\/2025\/12\/favicon.png","contentUrl":"https:\/\/greenvacations.pt\/wp-content\/uploads\/2025\/12\/favicon.png","width":233,"height":233,"caption":"Green Vacations"},"image":{"@id":"https:\/\/greenvacations.pt\/es\/#\/schema\/logo\/image\/"},"sameAs":["https:\/\/www.facebook.com\/greenvacations.pt\/","https:\/\/www.instagram.com\/greenvacations.pt\/"]}]}},"_links":{"self":[{"href":"https:\/\/greenvacations.pt\/es\/wp-json\/wp\/v2\/pages\/1071","targetHints":{"allow":["GET"]}}],"collection":[{"href":"https:\/\/greenvacations.pt\/es\/wp-json\/wp\/v2\/pages"}],"about":[{"href":"https:\/\/greenvacations.pt\/es\/wp-json\/wp\/v2\/types\/page"}],"author":[{"embeddable":true,"href":"https:\/\/greenvacations.pt\/es\/wp-json\/wp\/v2\/users\/1"}],"replies":[{"embeddable":true,"href":"https:\/\/greenvacations.pt\/es\/wp-json\/wp\/v2\/comments?post=1071"}],"version-history":[{"count":0,"href":"https:\/\/greenvacations.pt\/es\/wp-json\/wp\/v2\/pages\/1071\/revisions"}],"wp:attachment":[{"href":"https:\/\/greenvacations.pt\/es\/wp-json\/wp\/v2\/media?parent=1071"}],"curies":[{"name":"wp","href":"https:\/\/api.w.org\/{rel}","templated":true}]}}