{"id":496,"date":"2025-12-17T10:25:13","date_gmt":"2025-12-17T11:25:13","guid":{"rendered":"https:\/\/greenvacations.pt\/categorias\/"},"modified":"2026-02-19T15:00:21","modified_gmt":"2026-02-19T16:00:21","slug":"categories","status":"publish","type":"page","link":"https:\/\/greenvacations.pt\/en\/categories\/","title":{"rendered":"Categories"},"content":{"rendered":"","protected":false},"excerpt":{"rendered":"","protected":false},"author":1,"featured_media":1023,"parent":0,"menu_order":0,"comment_status":"closed","ping_status":"closed","template":"page-models\/categorias.php","meta":{"_acf_changed":false,"footnotes":""},"class_list":["post-496","page","type-page","status-publish","has-post-thumbnail","hentry"],"acf":[],"yoast_head":"<!-- This site is optimized with the Yoast SEO plugin v26.9 - https:\/\/yoast.com\/product\/yoast-seo-wordpress\/ -->\n<title>Categories - Green Vacations<\/title>\n<meta name=\"description\" content=\"Categories: Unique homes for an unforgettable vacation, with the comfort and local support of Green Vacations. Book online now!\" \/>\n<meta name=\"robots\" content=\"index, follow, max-snippet:-1, max-image-preview:large, max-video-preview:-1\" \/>\n<link rel=\"canonical\" href=\"https:\/\/greenvacations.pt\/en\/categories\/\" \/>\n<meta property=\"og:locale\" content=\"en_US\" \/>\n<meta property=\"og:type\" content=\"article\" \/>\n<meta property=\"og:title\" content=\"Categories - Green Vacations\" \/>\n<meta property=\"og:description\" content=\"Categories: Unique homes for an unforgettable vacation, with the comfort and local support of Green Vacations. Book online now!\" \/>\n<meta property=\"og:url\" content=\"https:\/\/greenvacations.pt\/en\/categories\/\" \/>\n<meta property=\"og:site_name\" content=\"Green Vacations\" \/>\n<meta property=\"article:publisher\" content=\"https:\/\/www.facebook.com\/greenvacations.pt\/\" \/>\n<meta property=\"article:modified_time\" content=\"2026-02-19T16:00:21+00:00\" \/>\n<meta property=\"og:image\" content=\"https:\/\/greenvacations.pt\/wp-content\/uploads\/2026\/02\/932ef4ef3254ab7b3f2d44bc76c3e41c933956da.png\" \/>\n\t<meta property=\"og:image:width\" content=\"400\" \/>\n\t<meta property=\"og:image:height\" content=\"448\" \/>\n\t<meta property=\"og:image:type\" content=\"image\/png\" \/>\n<meta name=\"twitter:card\" content=\"summary_large_image\" \/>\n<meta name=\"twitter:label1\" content=\"Est. reading time\" \/>\n\t<meta name=\"twitter:data1\" content=\"1 minute\" \/>\n<script type=\"application\/ld+json\" class=\"yoast-schema-graph\">{\"@context\":\"https:\/\/schema.org\",\"@graph\":[{\"@type\":\"WebPage\",\"@id\":\"https:\/\/greenvacations.pt\/en\/categories\/\",\"url\":\"https:\/\/greenvacations.pt\/en\/categories\/\",\"name\":\"Categories - Green Vacations\",\"isPartOf\":{\"@id\":\"https:\/\/greenvacations.pt\/en\/#website\"},\"primaryImageOfPage\":{\"@id\":\"https:\/\/greenvacations.pt\/en\/categories\/#primaryimage\"},\"image\":{\"@id\":\"https:\/\/greenvacations.pt\/en\/categories\/#primaryimage\"},\"thumbnailUrl\":\"https:\/\/greenvacations.pt\/wp-content\/uploads\/2026\/02\/932ef4ef3254ab7b3f2d44bc76c3e41c933956da.png\",\"datePublished\":\"2025-12-17T11:25:13+00:00\",\"dateModified\":\"2026-02-19T16:00:21+00:00\",\"description\":\"Categories: Unique homes for an unforgettable vacation, with the comfort and local support of Green Vacations. Book online now!\",\"breadcrumb\":{\"@id\":\"https:\/\/greenvacations.pt\/en\/categories\/#breadcrumb\"},\"inLanguage\":\"en-US\",\"potentialAction\":[{\"@type\":\"ReadAction\",\"target\":[\"https:\/\/greenvacations.pt\/en\/categories\/\"]}]},{\"@type\":\"ImageObject\",\"inLanguage\":\"en-US\",\"@id\":\"https:\/\/greenvacations.pt\/en\/categories\/#primaryimage\",\"url\":\"https:\/\/greenvacations.pt\/wp-content\/uploads\/2026\/02\/932ef4ef3254ab7b3f2d44bc76c3e41c933956da.png\",\"contentUrl\":\"https:\/\/greenvacations.pt\/wp-content\/uploads\/2026\/02\/932ef4ef3254ab7b3f2d44bc76c3e41c933956da.png\",\"width\":400,\"height\":448},{\"@type\":\"BreadcrumbList\",\"@id\":\"https:\/\/greenvacations.pt\/en\/categories\/#breadcrumb\",\"itemListElement\":[{\"@type\":\"ListItem\",\"position\":1,\"name\":\"In\u00edcio\",\"item\":\"https:\/\/greenvacations.pt\/en\/\"},{\"@type\":\"ListItem\",\"position\":2,\"name\":\"Categories\"}]},{\"@type\":\"WebSite\",\"@id\":\"https:\/\/greenvacations.pt\/en\/#website\",\"url\":\"https:\/\/greenvacations.pt\/en\/\",\"name\":\"Green Vacations\",\"description\":\"Gest\u00e3o de im\u00f3veis destinados para alojamento local, experi\u00eancias de anima\u00e7\u00e3o tur\u00edstica, Ponta Delgada - S\u00e3o Miguel - A\u00e7ores\",\"publisher\":{\"@id\":\"https:\/\/greenvacations.pt\/en\/#organization\"},\"potentialAction\":[{\"@type\":\"SearchAction\",\"target\":{\"@type\":\"EntryPoint\",\"urlTemplate\":\"https:\/\/greenvacations.pt\/en\/?s={search_term_string}\"},\"query-input\":{\"@type\":\"PropertyValueSpecification\",\"valueRequired\":true,\"valueName\":\"search_term_string\"}}],\"inLanguage\":\"en-US\"},{\"@type\":\"Organization\",\"@id\":\"https:\/\/greenvacations.pt\/en\/#organization\",\"name\":\"Green Vacations\",\"url\":\"https:\/\/greenvacations.pt\/en\/\",\"logo\":{\"@type\":\"ImageObject\",\"inLanguage\":\"en-US\",\"@id\":\"https:\/\/greenvacations.pt\/en\/#\/schema\/logo\/image\/\",\"url\":\"https:\/\/greenvacations.pt\/wp-content\/uploads\/2025\/12\/favicon.png\",\"contentUrl\":\"https:\/\/greenvacations.pt\/wp-content\/uploads\/2025\/12\/favicon.png\",\"width\":233,\"height\":233,\"caption\":\"Green Vacations\"},\"image\":{\"@id\":\"https:\/\/greenvacations.pt\/en\/#\/schema\/logo\/image\/\"},\"sameAs\":[\"https:\/\/www.facebook.com\/greenvacations.pt\/\",\"https:\/\/www.instagram.com\/greenvacations.pt\/\"]}]}<\/script>\n<!-- \/ Yoast SEO plugin. -->","yoast_head_json":{"title":"Categories - Green Vacations","description":"Categories: Unique homes for an unforgettable vacation, with the comfort and local support of Green Vacations. Book online now!","robots":{"index":"index","follow":"follow","max-snippet":"max-snippet:-1","max-image-preview":"max-image-preview:large","max-video-preview":"max-video-preview:-1"},"canonical":"https:\/\/greenvacations.pt\/en\/categories\/","og_locale":"en_US","og_type":"article","og_title":"Categories - Green Vacations","og_description":"Categories: Unique homes for an unforgettable vacation, with the comfort and local support of Green Vacations. Book online now!","og_url":"https:\/\/greenvacations.pt\/en\/categories\/","og_site_name":"Green Vacations","article_publisher":"https:\/\/www.facebook.com\/greenvacations.pt\/","article_modified_time":"2026-02-19T16:00:21+00:00","og_image":[{"width":400,"height":448,"url":"https:\/\/greenvacations.pt\/wp-content\/uploads\/2026\/02\/932ef4ef3254ab7b3f2d44bc76c3e41c933956da.png","type":"image\/png"}],"twitter_card":"summary_large_image","twitter_misc":{"Est. reading time":"1 minute"},"schema":{"@context":"https:\/\/schema.org","@graph":[{"@type":"WebPage","@id":"https:\/\/greenvacations.pt\/en\/categories\/","url":"https:\/\/greenvacations.pt\/en\/categories\/","name":"Categories - Green Vacations","isPartOf":{"@id":"https:\/\/greenvacations.pt\/en\/#website"},"primaryImageOfPage":{"@id":"https:\/\/greenvacations.pt\/en\/categories\/#primaryimage"},"image":{"@id":"https:\/\/greenvacations.pt\/en\/categories\/#primaryimage"},"thumbnailUrl":"https:\/\/greenvacations.pt\/wp-content\/uploads\/2026\/02\/932ef4ef3254ab7b3f2d44bc76c3e41c933956da.png","datePublished":"2025-12-17T11:25:13+00:00","dateModified":"2026-02-19T16:00:21+00:00","description":"Categories: Unique homes for an unforgettable vacation, with the comfort and local support of Green Vacations. Book online now!","breadcrumb":{"@id":"https:\/\/greenvacations.pt\/en\/categories\/#breadcrumb"},"inLanguage":"en-US","potentialAction":[{"@type":"ReadAction","target":["https:\/\/greenvacations.pt\/en\/categories\/"]}]},{"@type":"ImageObject","inLanguage":"en-US","@id":"https:\/\/greenvacations.pt\/en\/categories\/#primaryimage","url":"https:\/\/greenvacations.pt\/wp-content\/uploads\/2026\/02\/932ef4ef3254ab7b3f2d44bc76c3e41c933956da.png","contentUrl":"https:\/\/greenvacations.pt\/wp-content\/uploads\/2026\/02\/932ef4ef3254ab7b3f2d44bc76c3e41c933956da.png","width":400,"height":448},{"@type":"BreadcrumbList","@id":"https:\/\/greenvacations.pt\/en\/categories\/#breadcrumb","itemListElement":[{"@type":"ListItem","position":1,"name":"In\u00edcio","item":"https:\/\/greenvacations.pt\/en\/"},{"@type":"ListItem","position":2,"name":"Categories"}]},{"@type":"WebSite","@id":"https:\/\/greenvacations.pt\/en\/#website","url":"https:\/\/greenvacations.pt\/en\/","name":"Green Vacations","description":"Gest\u00e3o de im\u00f3veis destinados para alojamento local, experi\u00eancias de anima\u00e7\u00e3o tur\u00edstica, Ponta Delgada - S\u00e3o Miguel - A\u00e7ores","publisher":{"@id":"https:\/\/greenvacations.pt\/en\/#organization"},"potentialAction":[{"@type":"SearchAction","target":{"@type":"EntryPoint","urlTemplate":"https:\/\/greenvacations.pt\/en\/?s={search_term_string}"},"query-input":{"@type":"PropertyValueSpecification","valueRequired":true,"valueName":"search_term_string"}}],"inLanguage":"en-US"},{"@type":"Organization","@id":"https:\/\/greenvacations.pt\/en\/#organization","name":"Green Vacations","url":"https:\/\/greenvacations.pt\/en\/","logo":{"@type":"ImageObject","inLanguage":"en-US","@id":"https:\/\/greenvacations.pt\/en\/#\/schema\/logo\/image\/","url":"https:\/\/greenvacations.pt\/wp-content\/uploads\/2025\/12\/favicon.png","contentUrl":"https:\/\/greenvacations.pt\/wp-content\/uploads\/2025\/12\/favicon.png","width":233,"height":233,"caption":"Green Vacations"},"image":{"@id":"https:\/\/greenvacations.pt\/en\/#\/schema\/logo\/image\/"},"sameAs":["https:\/\/www.facebook.com\/greenvacations.pt\/","https:\/\/www.instagram.com\/greenvacations.pt\/"]}]}},"_links":{"self":[{"href":"https:\/\/greenvacations.pt\/en\/wp-json\/wp\/v2\/pages\/496","targetHints":{"allow":["GET"]}}],"collection":[{"href":"https:\/\/greenvacations.pt\/en\/wp-json\/wp\/v2\/pages"}],"about":[{"href":"https:\/\/greenvacations.pt\/en\/wp-json\/wp\/v2\/types\/page"}],"author":[{"embeddable":true,"href":"https:\/\/greenvacations.pt\/en\/wp-json\/wp\/v2\/users\/1"}],"replies":[{"embeddable":true,"href":"https:\/\/greenvacations.pt\/en\/wp-json\/wp\/v2\/comments?post=496"}],"version-history":[{"count":0,"href":"https:\/\/greenvacations.pt\/en\/wp-json\/wp\/v2\/pages\/496\/revisions"}],"wp:featuredmedia":[{"embeddable":true,"href":"https:\/\/greenvacations.pt\/en\/wp-json\/wp\/v2\/media\/1023"}],"wp:attachment":[{"href":"https:\/\/greenvacations.pt\/en\/wp-json\/wp\/v2\/media?parent=496"}],"curies":[{"name":"wp","href":"https:\/\/api.w.org\/{rel}","templated":true}]}}