{"id":495,"date":"2025-12-11T15:39:07","date_gmt":"2025-12-11T16:39:07","guid":{"rendered":"https:\/\/greenvacations.pt\/gestao-de-propriedades\/"},"modified":"2026-02-19T15:07:13","modified_gmt":"2026-02-19T16:07:13","slug":"property-management","status":"publish","type":"page","link":"https:\/\/greenvacations.pt\/en\/property-management\/","title":{"rendered":"Property Management"},"content":{"rendered":"","protected":false},"excerpt":{"rendered":"","protected":false},"author":1,"featured_media":1027,"parent":0,"menu_order":0,"comment_status":"closed","ping_status":"closed","template":"page-models\/gestao-de-propriedades.php","meta":{"_acf_changed":false,"footnotes":""},"class_list":["post-495","page","type-page","status-publish","has-post-thumbnail","hentry"],"acf":[],"yoast_head":"<!-- This site is optimized with the Yoast SEO plugin v26.9 - https:\/\/yoast.com\/product\/yoast-seo-wordpress\/ -->\n<title>Property Management - Green Vacations<\/title>\n<meta name=\"description\" content=\"Property Management: We take care of all aspects of managing your property so you don&#039;t have to worry about a thing. Request a quote now!\" \/>\n<meta name=\"robots\" content=\"index, follow, max-snippet:-1, max-image-preview:large, max-video-preview:-1\" \/>\n<link rel=\"canonical\" href=\"https:\/\/greenvacations.pt\/en\/property-management\/\" \/>\n<meta property=\"og:locale\" content=\"en_US\" \/>\n<meta property=\"og:type\" content=\"article\" \/>\n<meta property=\"og:title\" content=\"Property Management - Green Vacations\" \/>\n<meta property=\"og:description\" content=\"Property Management: We take care of all aspects of managing your property so you don&#039;t have to worry about a thing. Request a quote now!\" \/>\n<meta property=\"og:url\" content=\"https:\/\/greenvacations.pt\/en\/property-management\/\" \/>\n<meta property=\"og:site_name\" content=\"Green Vacations\" \/>\n<meta property=\"article:publisher\" content=\"https:\/\/www.facebook.com\/greenvacations.pt\/\" \/>\n<meta property=\"article:modified_time\" content=\"2026-02-19T16:07:13+00:00\" \/>\n<meta property=\"og:image\" content=\"https:\/\/greenvacations.pt\/wp-content\/uploads\/2026\/02\/46cbbb9021ed726c94b366f93f12a7d84562a514.png\" \/>\n\t<meta property=\"og:image:width\" content=\"516\" \/>\n\t<meta property=\"og:image:height\" content=\"750\" \/>\n\t<meta property=\"og:image:type\" content=\"image\/png\" \/>\n<meta name=\"twitter:card\" content=\"summary_large_image\" \/>\n<meta name=\"twitter:label1\" content=\"Est. reading time\" \/>\n\t<meta name=\"twitter:data1\" content=\"1 minute\" \/>\n<script type=\"application\/ld+json\" class=\"yoast-schema-graph\">{\"@context\":\"https:\/\/schema.org\",\"@graph\":[{\"@type\":\"WebPage\",\"@id\":\"https:\/\/greenvacations.pt\/en\/property-management\/\",\"url\":\"https:\/\/greenvacations.pt\/en\/property-management\/\",\"name\":\"Property Management - Green Vacations\",\"isPartOf\":{\"@id\":\"https:\/\/greenvacations.pt\/en\/#website\"},\"primaryImageOfPage\":{\"@id\":\"https:\/\/greenvacations.pt\/en\/property-management\/#primaryimage\"},\"image\":{\"@id\":\"https:\/\/greenvacations.pt\/en\/property-management\/#primaryimage\"},\"thumbnailUrl\":\"https:\/\/greenvacations.pt\/wp-content\/uploads\/2026\/02\/46cbbb9021ed726c94b366f93f12a7d84562a514.png\",\"datePublished\":\"2025-12-11T16:39:07+00:00\",\"dateModified\":\"2026-02-19T16:07:13+00:00\",\"description\":\"Property Management: We take care of all aspects of managing your property so you don't have to worry about a thing. Request a quote now!\",\"breadcrumb\":{\"@id\":\"https:\/\/greenvacations.pt\/en\/property-management\/#breadcrumb\"},\"inLanguage\":\"en-US\",\"potentialAction\":[{\"@type\":\"ReadAction\",\"target\":[\"https:\/\/greenvacations.pt\/en\/property-management\/\"]}]},{\"@type\":\"ImageObject\",\"inLanguage\":\"en-US\",\"@id\":\"https:\/\/greenvacations.pt\/en\/property-management\/#primaryimage\",\"url\":\"https:\/\/greenvacations.pt\/wp-content\/uploads\/2026\/02\/46cbbb9021ed726c94b366f93f12a7d84562a514.png\",\"contentUrl\":\"https:\/\/greenvacations.pt\/wp-content\/uploads\/2026\/02\/46cbbb9021ed726c94b366f93f12a7d84562a514.png\",\"width\":516,\"height\":750},{\"@type\":\"BreadcrumbList\",\"@id\":\"https:\/\/greenvacations.pt\/en\/property-management\/#breadcrumb\",\"itemListElement\":[{\"@type\":\"ListItem\",\"position\":1,\"name\":\"In\u00edcio\",\"item\":\"https:\/\/greenvacations.pt\/en\/\"},{\"@type\":\"ListItem\",\"position\":2,\"name\":\"Property Management\"}]},{\"@type\":\"WebSite\",\"@id\":\"https:\/\/greenvacations.pt\/en\/#website\",\"url\":\"https:\/\/greenvacations.pt\/en\/\",\"name\":\"Green Vacations\",\"description\":\"Gest\u00e3o de im\u00f3veis destinados para alojamento local, experi\u00eancias de anima\u00e7\u00e3o tur\u00edstica, Ponta Delgada - S\u00e3o Miguel - A\u00e7ores\",\"publisher\":{\"@id\":\"https:\/\/greenvacations.pt\/en\/#organization\"},\"potentialAction\":[{\"@type\":\"SearchAction\",\"target\":{\"@type\":\"EntryPoint\",\"urlTemplate\":\"https:\/\/greenvacations.pt\/en\/?s={search_term_string}\"},\"query-input\":{\"@type\":\"PropertyValueSpecification\",\"valueRequired\":true,\"valueName\":\"search_term_string\"}}],\"inLanguage\":\"en-US\"},{\"@type\":\"Organization\",\"@id\":\"https:\/\/greenvacations.pt\/en\/#organization\",\"name\":\"Green Vacations\",\"url\":\"https:\/\/greenvacations.pt\/en\/\",\"logo\":{\"@type\":\"ImageObject\",\"inLanguage\":\"en-US\",\"@id\":\"https:\/\/greenvacations.pt\/en\/#\/schema\/logo\/image\/\",\"url\":\"https:\/\/greenvacations.pt\/wp-content\/uploads\/2025\/12\/favicon.png\",\"contentUrl\":\"https:\/\/greenvacations.pt\/wp-content\/uploads\/2025\/12\/favicon.png\",\"width\":233,\"height\":233,\"caption\":\"Green Vacations\"},\"image\":{\"@id\":\"https:\/\/greenvacations.pt\/en\/#\/schema\/logo\/image\/\"},\"sameAs\":[\"https:\/\/www.facebook.com\/greenvacations.pt\/\",\"https:\/\/www.instagram.com\/greenvacations.pt\/\"]}]}<\/script>\n<!-- \/ Yoast SEO plugin. -->","yoast_head_json":{"title":"Property Management - Green Vacations","description":"Property Management: We take care of all aspects of managing your property so you don't have to worry about a thing. Request a quote now!","robots":{"index":"index","follow":"follow","max-snippet":"max-snippet:-1","max-image-preview":"max-image-preview:large","max-video-preview":"max-video-preview:-1"},"canonical":"https:\/\/greenvacations.pt\/en\/property-management\/","og_locale":"en_US","og_type":"article","og_title":"Property Management - Green Vacations","og_description":"Property Management: We take care of all aspects of managing your property so you don't have to worry about a thing. Request a quote now!","og_url":"https:\/\/greenvacations.pt\/en\/property-management\/","og_site_name":"Green Vacations","article_publisher":"https:\/\/www.facebook.com\/greenvacations.pt\/","article_modified_time":"2026-02-19T16:07:13+00:00","og_image":[{"width":516,"height":750,"url":"https:\/\/greenvacations.pt\/wp-content\/uploads\/2026\/02\/46cbbb9021ed726c94b366f93f12a7d84562a514.png","type":"image\/png"}],"twitter_card":"summary_large_image","twitter_misc":{"Est. reading time":"1 minute"},"schema":{"@context":"https:\/\/schema.org","@graph":[{"@type":"WebPage","@id":"https:\/\/greenvacations.pt\/en\/property-management\/","url":"https:\/\/greenvacations.pt\/en\/property-management\/","name":"Property Management - Green Vacations","isPartOf":{"@id":"https:\/\/greenvacations.pt\/en\/#website"},"primaryImageOfPage":{"@id":"https:\/\/greenvacations.pt\/en\/property-management\/#primaryimage"},"image":{"@id":"https:\/\/greenvacations.pt\/en\/property-management\/#primaryimage"},"thumbnailUrl":"https:\/\/greenvacations.pt\/wp-content\/uploads\/2026\/02\/46cbbb9021ed726c94b366f93f12a7d84562a514.png","datePublished":"2025-12-11T16:39:07+00:00","dateModified":"2026-02-19T16:07:13+00:00","description":"Property Management: We take care of all aspects of managing your property so you don't have to worry about a thing. Request a quote now!","breadcrumb":{"@id":"https:\/\/greenvacations.pt\/en\/property-management\/#breadcrumb"},"inLanguage":"en-US","potentialAction":[{"@type":"ReadAction","target":["https:\/\/greenvacations.pt\/en\/property-management\/"]}]},{"@type":"ImageObject","inLanguage":"en-US","@id":"https:\/\/greenvacations.pt\/en\/property-management\/#primaryimage","url":"https:\/\/greenvacations.pt\/wp-content\/uploads\/2026\/02\/46cbbb9021ed726c94b366f93f12a7d84562a514.png","contentUrl":"https:\/\/greenvacations.pt\/wp-content\/uploads\/2026\/02\/46cbbb9021ed726c94b366f93f12a7d84562a514.png","width":516,"height":750},{"@type":"BreadcrumbList","@id":"https:\/\/greenvacations.pt\/en\/property-management\/#breadcrumb","itemListElement":[{"@type":"ListItem","position":1,"name":"In\u00edcio","item":"https:\/\/greenvacations.pt\/en\/"},{"@type":"ListItem","position":2,"name":"Property Management"}]},{"@type":"WebSite","@id":"https:\/\/greenvacations.pt\/en\/#website","url":"https:\/\/greenvacations.pt\/en\/","name":"Green Vacations","description":"Gest\u00e3o de im\u00f3veis destinados para alojamento local, experi\u00eancias de anima\u00e7\u00e3o tur\u00edstica, Ponta Delgada - S\u00e3o Miguel - A\u00e7ores","publisher":{"@id":"https:\/\/greenvacations.pt\/en\/#organization"},"potentialAction":[{"@type":"SearchAction","target":{"@type":"EntryPoint","urlTemplate":"https:\/\/greenvacations.pt\/en\/?s={search_term_string}"},"query-input":{"@type":"PropertyValueSpecification","valueRequired":true,"valueName":"search_term_string"}}],"inLanguage":"en-US"},{"@type":"Organization","@id":"https:\/\/greenvacations.pt\/en\/#organization","name":"Green Vacations","url":"https:\/\/greenvacations.pt\/en\/","logo":{"@type":"ImageObject","inLanguage":"en-US","@id":"https:\/\/greenvacations.pt\/en\/#\/schema\/logo\/image\/","url":"https:\/\/greenvacations.pt\/wp-content\/uploads\/2025\/12\/favicon.png","contentUrl":"https:\/\/greenvacations.pt\/wp-content\/uploads\/2025\/12\/favicon.png","width":233,"height":233,"caption":"Green Vacations"},"image":{"@id":"https:\/\/greenvacations.pt\/en\/#\/schema\/logo\/image\/"},"sameAs":["https:\/\/www.facebook.com\/greenvacations.pt\/","https:\/\/www.instagram.com\/greenvacations.pt\/"]}]}},"_links":{"self":[{"href":"https:\/\/greenvacations.pt\/en\/wp-json\/wp\/v2\/pages\/495","targetHints":{"allow":["GET"]}}],"collection":[{"href":"https:\/\/greenvacations.pt\/en\/wp-json\/wp\/v2\/pages"}],"about":[{"href":"https:\/\/greenvacations.pt\/en\/wp-json\/wp\/v2\/types\/page"}],"author":[{"embeddable":true,"href":"https:\/\/greenvacations.pt\/en\/wp-json\/wp\/v2\/users\/1"}],"replies":[{"embeddable":true,"href":"https:\/\/greenvacations.pt\/en\/wp-json\/wp\/v2\/comments?post=495"}],"version-history":[{"count":0,"href":"https:\/\/greenvacations.pt\/en\/wp-json\/wp\/v2\/pages\/495\/revisions"}],"wp:featuredmedia":[{"embeddable":true,"href":"https:\/\/greenvacations.pt\/en\/wp-json\/wp\/v2\/media\/1027"}],"wp:attachment":[{"href":"https:\/\/greenvacations.pt\/en\/wp-json\/wp\/v2\/media?parent=495"}],"curies":[{"name":"wp","href":"https:\/\/api.w.org\/{rel}","templated":true}]}}