{"id":732,"date":"2025-12-11T14:23:44","date_gmt":"2025-12-11T15:23:44","guid":{"rendered":"https:\/\/greenvacations.pt\/atividades\/"},"modified":"2026-02-20T14:29:48","modified_gmt":"2026-02-20T15:29:48","slug":"aktivitaeten","status":"publish","type":"page","link":"https:\/\/greenvacations.pt\/de\/aktivitaeten\/","title":{"rendered":"Aktivit\u00e4ten"},"content":{"rendered":"","protected":false},"excerpt":{"rendered":"","protected":false},"author":1,"featured_media":1032,"parent":0,"menu_order":0,"comment_status":"closed","ping_status":"closed","template":"page-models\/atividades.php","meta":{"_acf_changed":false,"footnotes":""},"class_list":["post-732","page","type-page","status-publish","has-post-thumbnail","hentry"],"acf":[],"yoast_head":"<!-- This site is optimized with the Yoast SEO plugin v26.9 - https:\/\/yoast.com\/product\/yoast-seo-wordpress\/ -->\n<title>Aktivit\u00e4ten - Green Vacations<\/title>\n<meta name=\"description\" content=\"Aktivit\u00e4ten: Ob Sie eine Aktivit\u00e4t an Land, auf See oder sogar eine gastronomische Aktivit\u00e4t suchen, wir haben das Richtige f\u00fcr Sie! Kontaktieren Sie uns und wir k\u00fcmmern uns um alles!\" \/>\n<meta name=\"robots\" content=\"index, follow, max-snippet:-1, max-image-preview:large, max-video-preview:-1\" \/>\n<link rel=\"canonical\" href=\"https:\/\/greenvacations.pt\/de\/aktivitaeten\/\" \/>\n<meta property=\"og:locale\" content=\"de_DE\" \/>\n<meta property=\"og:type\" content=\"article\" \/>\n<meta property=\"og:title\" content=\"Aktivit\u00e4ten - Green Vacations\" \/>\n<meta property=\"og:description\" content=\"Aktivit\u00e4ten: Ob Sie eine Aktivit\u00e4t an Land, auf See oder sogar eine gastronomische Aktivit\u00e4t suchen, wir haben das Richtige f\u00fcr Sie! Kontaktieren Sie uns und wir k\u00fcmmern uns um alles!\" \/>\n<meta property=\"og:url\" content=\"https:\/\/greenvacations.pt\/de\/aktivitaeten\/\" \/>\n<meta property=\"og:site_name\" content=\"Green Vacations\" \/>\n<meta property=\"article:publisher\" content=\"https:\/\/www.facebook.com\/greenvacations.pt\/\" \/>\n<meta property=\"article:modified_time\" content=\"2026-02-20T15:29:48+00:00\" \/>\n<meta property=\"og:image\" content=\"https:\/\/greenvacations.pt\/wp-content\/uploads\/2026\/02\/c602fb344643b23870f2d7e38eb2295b1a2f049c-1.jpg\" \/>\n\t<meta property=\"og:image:width\" content=\"594\" \/>\n\t<meta property=\"og:image:height\" content=\"878\" \/>\n\t<meta property=\"og:image:type\" content=\"image\/jpeg\" \/>\n<meta name=\"twitter:card\" content=\"summary_large_image\" \/>\n<meta name=\"twitter:label1\" content=\"Gesch\u00e4tzte Lesezeit\" \/>\n\t<meta name=\"twitter:data1\" content=\"1\u00a0Minute\" \/>\n<script type=\"application\/ld+json\" class=\"yoast-schema-graph\">{\"@context\":\"https:\/\/schema.org\",\"@graph\":[{\"@type\":\"WebPage\",\"@id\":\"https:\/\/greenvacations.pt\/de\/aktivitaeten\/\",\"url\":\"https:\/\/greenvacations.pt\/de\/aktivitaeten\/\",\"name\":\"Aktivit\u00e4ten - Green Vacations\",\"isPartOf\":{\"@id\":\"https:\/\/greenvacations.pt\/de\/#website\"},\"primaryImageOfPage\":{\"@id\":\"https:\/\/greenvacations.pt\/de\/aktivitaeten\/#primaryimage\"},\"image\":{\"@id\":\"https:\/\/greenvacations.pt\/de\/aktivitaeten\/#primaryimage\"},\"thumbnailUrl\":\"https:\/\/greenvacations.pt\/wp-content\/uploads\/2026\/02\/c602fb344643b23870f2d7e38eb2295b1a2f049c-1.jpg\",\"datePublished\":\"2025-12-11T15:23:44+00:00\",\"dateModified\":\"2026-02-20T15:29:48+00:00\",\"description\":\"Aktivit\u00e4ten: Ob Sie eine Aktivit\u00e4t an Land, auf See oder sogar eine gastronomische Aktivit\u00e4t suchen, wir haben das Richtige f\u00fcr Sie! Kontaktieren Sie uns und wir k\u00fcmmern uns um alles!\",\"breadcrumb\":{\"@id\":\"https:\/\/greenvacations.pt\/de\/aktivitaeten\/#breadcrumb\"},\"inLanguage\":\"de\",\"potentialAction\":[{\"@type\":\"ReadAction\",\"target\":[\"https:\/\/greenvacations.pt\/de\/aktivitaeten\/\"]}]},{\"@type\":\"ImageObject\",\"inLanguage\":\"de\",\"@id\":\"https:\/\/greenvacations.pt\/de\/aktivitaeten\/#primaryimage\",\"url\":\"https:\/\/greenvacations.pt\/wp-content\/uploads\/2026\/02\/c602fb344643b23870f2d7e38eb2295b1a2f049c-1.jpg\",\"contentUrl\":\"https:\/\/greenvacations.pt\/wp-content\/uploads\/2026\/02\/c602fb344643b23870f2d7e38eb2295b1a2f049c-1.jpg\",\"width\":594,\"height\":878,\"caption\":\"Screenshot\"},{\"@type\":\"BreadcrumbList\",\"@id\":\"https:\/\/greenvacations.pt\/de\/aktivitaeten\/#breadcrumb\",\"itemListElement\":[{\"@type\":\"ListItem\",\"position\":1,\"name\":\"In\u00edcio\",\"item\":\"https:\/\/greenvacations.pt\/de\/\"},{\"@type\":\"ListItem\",\"position\":2,\"name\":\"Aktivit\u00e4ten\"}]},{\"@type\":\"WebSite\",\"@id\":\"https:\/\/greenvacations.pt\/de\/#website\",\"url\":\"https:\/\/greenvacations.pt\/de\/\",\"name\":\"Green Vacations\",\"description\":\"Gest\u00e3o de im\u00f3veis destinados para alojamento local, experi\u00eancias de anima\u00e7\u00e3o tur\u00edstica, Ponta Delgada - S\u00e3o Miguel - A\u00e7ores\",\"publisher\":{\"@id\":\"https:\/\/greenvacations.pt\/de\/#organization\"},\"potentialAction\":[{\"@type\":\"SearchAction\",\"target\":{\"@type\":\"EntryPoint\",\"urlTemplate\":\"https:\/\/greenvacations.pt\/de\/?s={search_term_string}\"},\"query-input\":{\"@type\":\"PropertyValueSpecification\",\"valueRequired\":true,\"valueName\":\"search_term_string\"}}],\"inLanguage\":\"de\"},{\"@type\":\"Organization\",\"@id\":\"https:\/\/greenvacations.pt\/de\/#organization\",\"name\":\"Green Vacations\",\"url\":\"https:\/\/greenvacations.pt\/de\/\",\"logo\":{\"@type\":\"ImageObject\",\"inLanguage\":\"de\",\"@id\":\"https:\/\/greenvacations.pt\/de\/#\/schema\/logo\/image\/\",\"url\":\"https:\/\/greenvacations.pt\/wp-content\/uploads\/2025\/12\/favicon.png\",\"contentUrl\":\"https:\/\/greenvacations.pt\/wp-content\/uploads\/2025\/12\/favicon.png\",\"width\":233,\"height\":233,\"caption\":\"Green Vacations\"},\"image\":{\"@id\":\"https:\/\/greenvacations.pt\/de\/#\/schema\/logo\/image\/\"},\"sameAs\":[\"https:\/\/www.facebook.com\/greenvacations.pt\/\",\"https:\/\/www.instagram.com\/greenvacations.pt\/\"]}]}<\/script>\n<!-- \/ Yoast SEO plugin. -->","yoast_head_json":{"title":"Aktivit\u00e4ten - Green Vacations","description":"Aktivit\u00e4ten: Ob Sie eine Aktivit\u00e4t an Land, auf See oder sogar eine gastronomische Aktivit\u00e4t suchen, wir haben das Richtige f\u00fcr Sie! Kontaktieren Sie uns und wir k\u00fcmmern uns um alles!","robots":{"index":"index","follow":"follow","max-snippet":"max-snippet:-1","max-image-preview":"max-image-preview:large","max-video-preview":"max-video-preview:-1"},"canonical":"https:\/\/greenvacations.pt\/de\/aktivitaeten\/","og_locale":"de_DE","og_type":"article","og_title":"Aktivit\u00e4ten - Green Vacations","og_description":"Aktivit\u00e4ten: Ob Sie eine Aktivit\u00e4t an Land, auf See oder sogar eine gastronomische Aktivit\u00e4t suchen, wir haben das Richtige f\u00fcr Sie! Kontaktieren Sie uns und wir k\u00fcmmern uns um alles!","og_url":"https:\/\/greenvacations.pt\/de\/aktivitaeten\/","og_site_name":"Green Vacations","article_publisher":"https:\/\/www.facebook.com\/greenvacations.pt\/","article_modified_time":"2026-02-20T15:29:48+00:00","og_image":[{"width":594,"height":878,"url":"https:\/\/greenvacations.pt\/wp-content\/uploads\/2026\/02\/c602fb344643b23870f2d7e38eb2295b1a2f049c-1.jpg","type":"image\/jpeg"}],"twitter_card":"summary_large_image","twitter_misc":{"Gesch\u00e4tzte Lesezeit":"1\u00a0Minute"},"schema":{"@context":"https:\/\/schema.org","@graph":[{"@type":"WebPage","@id":"https:\/\/greenvacations.pt\/de\/aktivitaeten\/","url":"https:\/\/greenvacations.pt\/de\/aktivitaeten\/","name":"Aktivit\u00e4ten - Green Vacations","isPartOf":{"@id":"https:\/\/greenvacations.pt\/de\/#website"},"primaryImageOfPage":{"@id":"https:\/\/greenvacations.pt\/de\/aktivitaeten\/#primaryimage"},"image":{"@id":"https:\/\/greenvacations.pt\/de\/aktivitaeten\/#primaryimage"},"thumbnailUrl":"https:\/\/greenvacations.pt\/wp-content\/uploads\/2026\/02\/c602fb344643b23870f2d7e38eb2295b1a2f049c-1.jpg","datePublished":"2025-12-11T15:23:44+00:00","dateModified":"2026-02-20T15:29:48+00:00","description":"Aktivit\u00e4ten: Ob Sie eine Aktivit\u00e4t an Land, auf See oder sogar eine gastronomische Aktivit\u00e4t suchen, wir haben das Richtige f\u00fcr Sie! Kontaktieren Sie uns und wir k\u00fcmmern uns um alles!","breadcrumb":{"@id":"https:\/\/greenvacations.pt\/de\/aktivitaeten\/#breadcrumb"},"inLanguage":"de","potentialAction":[{"@type":"ReadAction","target":["https:\/\/greenvacations.pt\/de\/aktivitaeten\/"]}]},{"@type":"ImageObject","inLanguage":"de","@id":"https:\/\/greenvacations.pt\/de\/aktivitaeten\/#primaryimage","url":"https:\/\/greenvacations.pt\/wp-content\/uploads\/2026\/02\/c602fb344643b23870f2d7e38eb2295b1a2f049c-1.jpg","contentUrl":"https:\/\/greenvacations.pt\/wp-content\/uploads\/2026\/02\/c602fb344643b23870f2d7e38eb2295b1a2f049c-1.jpg","width":594,"height":878,"caption":"Screenshot"},{"@type":"BreadcrumbList","@id":"https:\/\/greenvacations.pt\/de\/aktivitaeten\/#breadcrumb","itemListElement":[{"@type":"ListItem","position":1,"name":"In\u00edcio","item":"https:\/\/greenvacations.pt\/de\/"},{"@type":"ListItem","position":2,"name":"Aktivit\u00e4ten"}]},{"@type":"WebSite","@id":"https:\/\/greenvacations.pt\/de\/#website","url":"https:\/\/greenvacations.pt\/de\/","name":"Green Vacations","description":"Gest\u00e3o de im\u00f3veis destinados para alojamento local, experi\u00eancias de anima\u00e7\u00e3o tur\u00edstica, Ponta Delgada - S\u00e3o Miguel - A\u00e7ores","publisher":{"@id":"https:\/\/greenvacations.pt\/de\/#organization"},"potentialAction":[{"@type":"SearchAction","target":{"@type":"EntryPoint","urlTemplate":"https:\/\/greenvacations.pt\/de\/?s={search_term_string}"},"query-input":{"@type":"PropertyValueSpecification","valueRequired":true,"valueName":"search_term_string"}}],"inLanguage":"de"},{"@type":"Organization","@id":"https:\/\/greenvacations.pt\/de\/#organization","name":"Green Vacations","url":"https:\/\/greenvacations.pt\/de\/","logo":{"@type":"ImageObject","inLanguage":"de","@id":"https:\/\/greenvacations.pt\/de\/#\/schema\/logo\/image\/","url":"https:\/\/greenvacations.pt\/wp-content\/uploads\/2025\/12\/favicon.png","contentUrl":"https:\/\/greenvacations.pt\/wp-content\/uploads\/2025\/12\/favicon.png","width":233,"height":233,"caption":"Green Vacations"},"image":{"@id":"https:\/\/greenvacations.pt\/de\/#\/schema\/logo\/image\/"},"sameAs":["https:\/\/www.facebook.com\/greenvacations.pt\/","https:\/\/www.instagram.com\/greenvacations.pt\/"]}]}},"_links":{"self":[{"href":"https:\/\/greenvacations.pt\/de\/wp-json\/wp\/v2\/pages\/732","targetHints":{"allow":["GET"]}}],"collection":[{"href":"https:\/\/greenvacations.pt\/de\/wp-json\/wp\/v2\/pages"}],"about":[{"href":"https:\/\/greenvacations.pt\/de\/wp-json\/wp\/v2\/types\/page"}],"author":[{"embeddable":true,"href":"https:\/\/greenvacations.pt\/de\/wp-json\/wp\/v2\/users\/1"}],"replies":[{"embeddable":true,"href":"https:\/\/greenvacations.pt\/de\/wp-json\/wp\/v2\/comments?post=732"}],"version-history":[{"count":0,"href":"https:\/\/greenvacations.pt\/de\/wp-json\/wp\/v2\/pages\/732\/revisions"}],"wp:featuredmedia":[{"embeddable":true,"href":"https:\/\/greenvacations.pt\/de\/wp-json\/wp\/v2\/media\/1032"}],"wp:attachment":[{"href":"https:\/\/greenvacations.pt\/de\/wp-json\/wp\/v2\/media?parent=732"}],"curies":[{"name":"wp","href":"https:\/\/api.w.org\/{rel}","templated":true}]}}